{"id":1289,"date":"2024-02-25T20:15:02","date_gmt":"2024-02-25T19:15:02","guid":{"rendered":"https:\/\/ycmetz.org\/?page_id=1289"},"modified":"2025-07-31T18:05:21","modified_gmt":"2025-07-31T16:05:21","slug":"statut-et-reglement-interieur","status":"publish","type":"page","link":"https:\/\/ycmetz.org\/index.php\/statut-et-reglement-interieur\/","title":{"rendered":"Statut et r\u00e8glement int\u00e9rieur"},"content":{"rendered":"\t\t<div data-elementor-type=\"wp-page\" data-elementor-id=\"1289\" class=\"elementor elementor-1289\">\n\t\t\t\t\t\t<section class=\"elementor-section elementor-top-section elementor-element elementor-element-ebfe92c elementor-section-boxed elementor-section-height-default elementor-section-height-default\" data-id=\"ebfe92c\" data-element_type=\"section\" data-e-type=\"section\">\n\t\t\t\t\t\t<div class=\"elementor-container elementor-column-gap-default\">\n\t\t\t\t\t<div class=\"elementor-column elementor-col-100 elementor-top-column elementor-element elementor-element-99bd070\" data-id=\"99bd070\" data-element_type=\"column\" data-e-type=\"column\">\n\t\t\t<div class=\"elementor-widget-wrap elementor-element-populated\">\n\t\t\t\t\t\t<section class=\"elementor-section elementor-inner-section elementor-element elementor-element-2a2ac16 elementor-section-boxed elementor-section-height-default elementor-section-height-default\" data-id=\"2a2ac16\" data-element_type=\"section\" data-e-type=\"section\">\n\t\t\t\t\t\t<div class=\"elementor-container elementor-column-gap-default\">\n\t\t\t\t\t<div class=\"elementor-column elementor-col-50 elementor-inner-column elementor-element elementor-element-543418f\" data-id=\"543418f\" data-element_type=\"column\" data-e-type=\"column\">\n\t\t\t<div class=\"elementor-widget-wrap elementor-element-populated\">\n\t\t\t\t\t\t<div class=\"elementor-element elementor-element-e9de2d3 elementor-widget elementor-widget-text-editor\" data-id=\"e9de2d3\" data-element_type=\"widget\" data-e-type=\"widget\" data-widget_type=\"text-editor.default\">\n\t\t\t\t<div class=\"elementor-widget-container\">\n\t\t\t\t\t\t\t\t\t<p>Vous pouvez t\u00e9l\u00e9charger les statuts de l&#8217;association YCM ICI<\/p><p><a href=\"http:\/\/ycmetz.org\/wp-content\/uploads\/2024\/02\/2023-09-19-Decision-tribunal-modification-statuts-YCM.pdf\">2023-09-19 &#8211; D\u00e9cision tribunal modification statuts YCM<\/a>\u00a0<\/p>\t\t\t\t\t\t\t\t<\/div>\n\t\t\t\t<\/div>\n\t\t\t\t\t<\/div>\n\t\t<\/div>\n\t\t\t\t<div class=\"elementor-column elementor-col-50 elementor-inner-column elementor-element elementor-element-4662e92\" data-id=\"4662e92\" data-element_type=\"column\" data-e-type=\"column\">\n\t\t\t<div class=\"elementor-widget-wrap elementor-element-populated\">\n\t\t\t\t\t\t<div class=\"elementor-element elementor-element-7a3cde1 elementor-widget elementor-widget-text-editor\" data-id=\"7a3cde1\" data-element_type=\"widget\" data-e-type=\"widget\" data-widget_type=\"text-editor.default\">\n\t\t\t\t<div class=\"elementor-widget-container\">\n\t\t\t\t\t\t\t\t\t<p>\u00a0Vous pouvez t\u00e9l\u00e9charger le r\u00e8glement int\u00e9rieur de l&#8217;association ICI\u00a0\u00a0<\/p><p><a href=\"http:\/\/ycmetz.org\/wp-content\/uploads\/2025\/07\/Reglement-Interieur-du-Port-Modifie-Mai-2025.pdf\">Reglement-Interieur-du-Port-Modifie-Mai-2025<\/a><\/p>\t\t\t\t\t\t\t\t<\/div>\n\t\t\t\t<\/div>\n\t\t\t\t\t<\/div>\n\t\t<\/div>\n\t\t\t\t\t<\/div>\n\t\t<\/section>\n\t\t\t\t\t<\/div>\n\t\t<\/div>\n\t\t\t\t\t<\/div>\n\t\t<\/section>\n\t\t\t\t<\/div>\n\t\t","protected":false},"excerpt":{"rendered":"<p>Vous pouvez t\u00e9l\u00e9charger les statuts de l&#8217;association YCM ICI 2023-09-19 &#8211; D\u00e9cision tribunal modification statuts YCM\u00a0 \u00a0Vous pouvez t\u00e9l\u00e9charger le r\u00e8glement int\u00e9rieur [&hellip;]<\/p>\n","protected":false},"author":2,"featured_media":0,"parent":0,"menu_order":0,"comment_status":"closed","ping_status":"closed","template":"","meta":{"footnotes":""},"class_list":["post-1289","page","type-page","status-publish","hentry"],"_links":{"self":[{"href":"https:\/\/ycmetz.org\/index.php\/wp-json\/wp\/v2\/pages\/1289","targetHints":{"allow":["GET"]}}],"collection":[{"href":"https:\/\/ycmetz.org\/index.php\/wp-json\/wp\/v2\/pages"}],"about":[{"href":"https:\/\/ycmetz.org\/index.php\/wp-json\/wp\/v2\/types\/page"}],"author":[{"embeddable":true,"href":"https:\/\/ycmetz.org\/index.php\/wp-json\/wp\/v2\/users\/2"}],"replies":[{"embeddable":true,"href":"https:\/\/ycmetz.org\/index.php\/wp-json\/wp\/v2\/comments?post=1289"}],"version-history":[{"count":10,"href":"https:\/\/ycmetz.org\/index.php\/wp-json\/wp\/v2\/pages\/1289\/revisions"}],"predecessor-version":[{"id":1313,"href":"https:\/\/ycmetz.org\/index.php\/wp-json\/wp\/v2\/pages\/1289\/revisions\/1313"}],"wp:attachment":[{"href":"https:\/\/ycmetz.org\/index.php\/wp-json\/wp\/v2\/media?parent=1289"}],"curies":[{"name":"wp","href":"https:\/\/api.w.org\/{rel}","templated":true}]}}